{"id":4121,"date":"2025-12-29T13:02:41","date_gmt":"2025-12-29T12:02:41","guid":{"rendered":"https:\/\/test-campingdes2plages.geek-tonic.dev\/mentions-legales\/"},"modified":"2026-01-15T14:45:43","modified_gmt":"2026-01-15T13:45:43","slug":"impressum","status":"publish","type":"page","link":"https:\/\/test-campingdes2plages.geek-tonic.dev\/de\/impressum\/","title":{"rendered":"Impressum"},"content":{"rendered":"\n<div class=\"wp-block-group gt_1-cta-1photo_005 gt-no-padding-mobile has-global-padding is-layout-constrained wp-container-core-group-is-layout-0626a10a wp-block-group-is-layout-constrained\" style=\"margin-top:4rem;padding-right:5rem;padding-left:5rem\">\n<div class=\"wp-block-columns are-vertically-aligned-center is-layout-flex wp-container-core-columns-is-layout-2ce42527 wp-block-columns-is-layout-flex\">\n<div class=\"wp-block-column is-layout-flow wp-block-column-is-layout-flow\">\n<h1 class=\"wp-block-heading has-calming-font-family\" style=\"font-size:clamp(2.178rem, 2.178rem + ((1vw - 0.2rem) * 2.953), 3.95rem);line-height:1;text-transform:uppercase\">Impressum<\/h1>\n\n\n\n<div class=\"wp-block-group content has-global-padding is-layout-constrained wp-container-core-group-is-layout-d4c4af53 wp-block-group-is-layout-constrained\" style=\"margin-top:0px;margin-bottom:0px;padding-top:4rem\">\n<h2 class=\"wp-block-heading\"><strong>Herausgeber der Website<\/strong><\/h2>\n\n\n\n<p><strong>CAMPING DES DEUX PLAGES<\/strong> (SARL) <br\/>41 AVENUE DES ACACIAS, 17420 SAINT-PALAIS-SUR-MER <br\/>Telefon. 05 46 23 11 42 <br\/>Verantwortlich f\u00fcr die Ver\u00f6ffentlichung: H\u00c9RAULT Dani\u00e8le <br\/>Firmenname: Camping Des Deux Plages <br\/>Rechtsform: Gesellschaft mit beschr\u00e4nkter Haftung <br\/>Sitz der Gesellschaft: 41 Avenue des acacias 17420 SAINT-PALAIS-SUR-MER <br\/>H\u00f6he des Stammkapitals : 8000 \u20ac <br\/>APE: 5530Z - Campingpl\u00e4tze und Parks f\u00fcr Wohnwagen oder Freizeitfahrzeuge <br\/>RCS: SAINTES <br\/>SIRET: 520 945 684 000 14 <br\/>Intracommunautaire TVA: FR 30 520 945 684 <br\/>Klassifizierung: 4-Sterne-Stellpl\u00e4tze<\/p>\n\n\n\n<h2 class=\"wp-block-heading\" style=\"margin-top:var(--wp--preset--spacing--30)\"><strong>Realisiert von<\/strong><\/h2>\n\n\n\n<p><strong>GEEK TONIC<\/strong> <br\/>Vertreten durch Herrn Yohan Darmayan in seiner Eigenschaft als Gesch\u00e4ftsf\u00fchrer <br\/>Gesch\u00e4ftssitz: 16 CHEMIN DE SABALCE 64100 BAYONNE <br\/>Tel.: 05 32 74 11 53 <br\/>E-mail: support@geek-tonic.com <br\/>Website <a href=\"https:\/\/www.geek-tonic.com\/\" target=\"_blank\" rel=\"noreferrer noopener\">www.geek-tonic.com<\/a> <br\/>SIRET: 89746755100031 <br\/>APE: 6201Z<\/p>\n\n\n\n<h2 class=\"wp-block-heading\" style=\"margin-top:var(--wp--preset--spacing--30)\"><strong>Urheberrecht und Copyright<\/strong><\/h2>\n\n\n\n<p>Der gesamte Inhalt dieser Website unterliegt dem Urheberrecht sowie dem geistigen Eigentum der franz\u00f6sischen Gesetzgebung. Jede Vervielf\u00e4ltigung (einschlie\u00dflich Fotos, Icons und herunterladbarer Dokumente) ist ohne vorherige Zustimmung von GEEK TONIC untersagt. Die Vervielf\u00e4ltigung der gesamten Website oder eines Teils davon in Papierform oder in elektronischer Form auf einem elektronischen Datentr\u00e4ger ist verboten. GEEK TONIC \u00fcbernimmt keine Verantwortung f\u00fcr den Inhalt auf der Website. GEEK TONIC \u00fcbernimmt auch keine Verantwortung f\u00fcr externe Links, die auf diese Website verweisen.   <\/p>\n\n\n\n<h2 class=\"wp-block-heading\" style=\"margin-top:var(--wp--preset--spacing--30)\"><strong>Pers\u00f6nliche Daten und namentliche Informationen<\/strong><\/h2>\n\n\n\n<p>Sie haben ein Recht auf Zugang, \u00c4nderung, Berichtigung und L\u00f6schung der Sie betreffenden Daten gem\u00e4\u00df Artikel 34 des Gesetzes &#8222;Informatique et Libert\u00e9s&#8220; Nr. 78-17 vom 6. Januar 1978, ge\u00e4ndert am 6. August 2018. Um dieses Zugangsrecht auszu\u00fcben, k\u00f6nnen Sie eine einfache schriftliche Anfrage an den Herausgeber der Website richten. <\/p>\n\n\n\n<h2 class=\"wp-block-heading\" style=\"margin-top:var(--wp--preset--spacing--30)\"><strong>Gesetzgebung<\/strong><\/h2>\n\n\n\n<p>Gem\u00e4\u00df dem Gesetz vom 11. M\u00e4rz 1957 (Art. 41) und dem Gesetzbuch \u00fcber geistiges Eigentum vom 1. Juli 1992 ist es verboten, einen Teil der Website ohne vorherige Genehmigung des Herausgebers der Website teilweise oder vollst\u00e4ndig zu reproduzieren. Die Logos, Bilder, Fotos, Videos, Grafiken und Texte sind Eigentum ihrer jeweiligen Besitzer. Diese Website kann ohne ihr Wissen mit anderen Websites \u00fcber Hypermedia-Links verbunden sein. Der Herausgeber der Website \u00fcbernimmt keine Verantwortung f\u00fcr die Informationen auf diesen anderen Websites. Der Internetnutzer erkennt an, dass die Nutzung dieser Website dem franz\u00f6sischen Recht unterliegt.    <\/p>\n<\/div>\n<\/div>\n<\/div>\n\n\n\n<figure class=\"wp-block-image size-full background-image\"><img decoding=\"async\" width=\"615\" height=\"622\" src=\"https:\/\/test-campingdes2plages.geek-tonic.dev\/wp-content\/uploads\/2025\/11\/dessin-coquillages-fond.webp\" alt=\"Zeichnung Muscheln Hintergrund\" class=\"wp-image-297\" style=\"aspect-ratio:1;object-fit:contain\" srcset=\"https:\/\/test-campingdes2plages.geek-tonic.dev\/wp-content\/uploads\/2025\/11\/dessin-coquillages-fond.webp 615w, https:\/\/test-campingdes2plages.geek-tonic.dev\/wp-content\/uploads\/2025\/11\/dessin-coquillages-fond-297x300.webp 297w\" sizes=\"(max-width: 615px) 100vw, 615px\" \/><\/figure>\n<\/div>\n","protected":false},"excerpt":{"rendered":"<p>Impressum Herausgeber der Website CAMPING DES DEUX PLAGES (SARL) 41 AVENUE DES ACACIAS, 17420 SAINT-PALAIS-SUR-MER Telefon. 05 46 23 11 42 Verantwortlich f\u00fcr die Ver\u00f6ffentlichung: H\u00c9RAULT Dani\u00e8le Firmenname: Camping Des Deux Plages Rechtsform: Gesellschaft mit beschr\u00e4nkter Haftung Sitz der Gesellschaft: 41 Avenue des acacias 17420 SAINT-PALAIS-SUR-MER H\u00f6he des Stammkapitals : 8000 \u20ac APE: 5530Z - [&hellip;]<\/p>\n","protected":false},"author":1,"featured_media":3799,"parent":0,"menu_order":0,"comment_status":"closed","ping_status":"closed","template":"","meta":{"_acf_changed":false,"_seopress_robots_primary_cat":"","_seopress_titles_title":"","_seopress_titles_desc":"","_seopress_robots_index":"yes","inline_featured_image":false,"gt_fse_maillage_image":"https:\/\/test-campingdes2plages.geek-tonic.dev\/wp-content\/uploads\/2026\/01\/qualite-tourisme-camping-des-2-plages.jpg","gt_fse_maillage_titre":"Impressum","gt_fse_maillage_alt":"Tourismusqualit\u00e4t Camping des 2 plages","gt_fse_maillage_resume":"","footnotes":""},"categories":[],"tags":[],"class_list":["post-4121","page","type-page","status-publish","has-post-thumbnail","hentry"],"acf":[],"_links":{"self":[{"href":"https:\/\/test-campingdes2plages.geek-tonic.dev\/de\/wp-json\/wp\/v2\/pages\/4121","targetHints":{"allow":["GET"]}}],"collection":[{"href":"https:\/\/test-campingdes2plages.geek-tonic.dev\/de\/wp-json\/wp\/v2\/pages"}],"about":[{"href":"https:\/\/test-campingdes2plages.geek-tonic.dev\/de\/wp-json\/wp\/v2\/types\/page"}],"author":[{"embeddable":true,"href":"https:\/\/test-campingdes2plages.geek-tonic.dev\/de\/wp-json\/wp\/v2\/users\/1"}],"replies":[{"embeddable":true,"href":"https:\/\/test-campingdes2plages.geek-tonic.dev\/de\/wp-json\/wp\/v2\/comments?post=4121"}],"version-history":[{"count":4,"href":"https:\/\/test-campingdes2plages.geek-tonic.dev\/de\/wp-json\/wp\/v2\/pages\/4121\/revisions"}],"predecessor-version":[{"id":4736,"href":"https:\/\/test-campingdes2plages.geek-tonic.dev\/de\/wp-json\/wp\/v2\/pages\/4121\/revisions\/4736"}],"wp:featuredmedia":[{"embeddable":true,"href":"https:\/\/test-campingdes2plages.geek-tonic.dev\/de\/wp-json\/wp\/v2\/media\/3799"}],"wp:attachment":[{"href":"https:\/\/test-campingdes2plages.geek-tonic.dev\/de\/wp-json\/wp\/v2\/media?parent=4121"}],"wp:term":[{"taxonomy":"category","embeddable":true,"href":"https:\/\/test-campingdes2plages.geek-tonic.dev\/de\/wp-json\/wp\/v2\/categories?post=4121"},{"taxonomy":"post_tag","embeddable":true,"href":"https:\/\/test-campingdes2plages.geek-tonic.dev\/de\/wp-json\/wp\/v2\/tags?post=4121"}],"curies":[{"name":"wp","href":"https:\/\/api.w.org\/{rel}","templated":true}]}}